{"id":1888,"date":"2022-03-30T23:06:00","date_gmt":"2022-03-30T22:06:00","guid":{"rendered":"http:\/\/www.iandairin.com\/?page_id=1888"},"modified":"2023-05-04T22:44:43","modified_gmt":"2023-05-04T21:44:43","slug":"le-studio","status":"publish","type":"page","link":"http:\/\/www.iandairin.com\/?page_id=1888","title":{"rendered":"Le studio"},"content":{"rendered":"\t\t<div data-elementor-type=\"wp-page\" data-elementor-id=\"1888\" class=\"elementor elementor-1888\">\n\t\t\t\t\t\t\t\t\t<section class=\"elementor-section elementor-top-section elementor-element elementor-element-1aaf655 elementor-section-boxed elementor-section-height-default elementor-section-height-default\" data-id=\"1aaf655\" data-element_type=\"section\">\n\t\t\t\t\t\t<div class=\"elementor-container elementor-column-gap-default\">\n\t\t\t\t\t<div class=\"elementor-column elementor-col-100 elementor-top-column elementor-element elementor-element-58527fd\" data-id=\"58527fd\" data-element_type=\"column\" data-settings=\"{&quot;animation&quot;:&quot;none&quot;}\">\n\t\t\t<div class=\"elementor-widget-wrap elementor-element-populated\">\n\t\t\t\t\t\t\t\t<div class=\"elementor-element elementor-element-7492886 elementor-widget elementor-widget-video\" data-id=\"7492886\" data-element_type=\"widget\" data-settings=\"{&quot;video_type&quot;:&quot;hosted&quot;,&quot;autoplay&quot;:&quot;yes&quot;,&quot;mute&quot;:&quot;yes&quot;,&quot;loop&quot;:&quot;yes&quot;}\" data-widget_type=\"video.default\">\n\t\t\t\t<div class=\"elementor-widget-container\">\n\t\t\t\t\t<div class=\"e-hosted-video elementor-wrapper elementor-open-inline\">\n\t\t\t\t\t<video class=\"elementor-video\" src=\"http:\/\/www.iandairin.com\/wp-content\/uploads\/2021\/03\/20201111_170931.mp4\" autoplay=\"\" loop=\"\" muted=\"muted\" controlsList=\"nodownload\"><\/video>\n\t\t\t\t<\/div>\n\t\t\t\t<\/div>\n\t\t\t\t<\/div>\n\t\t\t\t<div class=\"elementor-element elementor-element-75b130e elementor-absolute elementor-hidden-mobile elementor-widget elementor-widget-text-editor\" data-id=\"75b130e\" data-element_type=\"widget\" data-settings=\"{&quot;_position&quot;:&quot;absolute&quot;}\" data-widget_type=\"text-editor.default\">\n\t\t\t\t<div class=\"elementor-widget-container\">\n\t\t\t\t\t\t\t<p>Le crayonn\u00e9 est plac\u00e9 sous la feuille, pour encrer par transparence <br \/>sur une table lumineuse. Plus besoin de gommer, les originaux <br \/>restent propres et ils n\u00e9cessitent peu de traitement de nettoyage.<\/p>\t\t\t\t\t\t<\/div>\n\t\t\t\t<\/div>\n\t\t\t\t<div class=\"elementor-element elementor-element-59ca2b0 elementor-absolute elementor-hidden-desktop elementor-hidden-tablet elementor-widget elementor-widget-text-editor\" data-id=\"59ca2b0\" data-element_type=\"widget\" data-settings=\"{&quot;_position&quot;:&quot;absolute&quot;}\" data-widget_type=\"text-editor.default\">\n\t\t\t\t<div class=\"elementor-widget-container\">\n\t\t\t\t\t\t\t<p><span style=\"color: #000000;\">Le crayonn\u00e9 est plac\u00e9 <\/span><br \/><span style=\"color: #000000;\">sous la feuille, pour <\/span><br \/><span style=\"color: #000000;\">encrer par transparence&#8230;<\/span><\/p>\t\t\t\t\t\t<\/div>\n\t\t\t\t<\/div>\n\t\t\t\t<div class=\"elementor-element elementor-element-653ff95 elementor-absolute titre-video elementor-widget elementor-widget-heading\" data-id=\"653ff95\" data-element_type=\"widget\" id=\"titre-video\" data-settings=\"{&quot;_position&quot;:&quot;absolute&quot;}\" data-widget_type=\"heading.default\">\n\t\t\t\t<div class=\"elementor-widget-container\">\n\t\t\t<h3 class=\"elementor-heading-title elementor-size-large\">UN ENCRAGE EN DIRECT<\/h3>\t\t<\/div>\n\t\t\t\t<\/div>\n\t\t\t\t\t<\/div>\n\t\t<\/div>\n\t\t\t\t\t\t\t<\/div>\n\t\t<\/section>\n\t\t\t\t<section class=\"elementor-section elementor-top-section elementor-element elementor-element-b79aec3 elementor-section-boxed elementor-section-height-default elementor-section-height-default\" data-id=\"b79aec3\" data-element_type=\"section\">\n\t\t\t\t\t\t<div class=\"elementor-container elementor-column-gap-default\">\n\t\t\t\t\t<div class=\"elementor-column elementor-col-100 elementor-top-column elementor-element elementor-element-7b7f9e1\" data-id=\"7b7f9e1\" data-element_type=\"column\">\n\t\t\t<div class=\"elementor-widget-wrap elementor-element-populated\">\n\t\t\t\t\t\t\t\t<div class=\"elementor-element elementor-element-f1ead47 elementor-widget elementor-widget-text-editor\" data-id=\"f1ead47\" data-element_type=\"widget\" data-widget_type=\"text-editor.default\">\n\t\t\t\t<div class=\"elementor-widget-container\">\n\t\t\t\t\t\t\t<p>Katz est une s\u00e9rie diffus\u00e9e depuis 2006 dans le beau Journal de Spirou.&nbsp;<br>L&rsquo;activit\u00e9 de Ian se partage maintenant entre les aventures de notre matou, et celles de Kid Paddle dont Ian assure le dessin depuis 2020.<\/p>\t\t\t\t\t\t<\/div>\n\t\t\t\t<\/div>\n\t\t\t\t\t<\/div>\n\t\t<\/div>\n\t\t\t\t\t\t\t<\/div>\n\t\t<\/section>\n\t\t\t\t<section class=\"elementor-section elementor-top-section elementor-element elementor-element-cdf4844 elementor-section-boxed elementor-section-height-default elementor-section-height-default\" data-id=\"cdf4844\" data-element_type=\"section\">\n\t\t\t\t\t\t<div class=\"elementor-container elementor-column-gap-default\">\n\t\t\t\t\t<div class=\"elementor-column elementor-col-50 elementor-top-column elementor-element elementor-element-39730b5\" data-id=\"39730b5\" data-element_type=\"column\">\n\t\t\t<div class=\"elementor-widget-wrap elementor-element-populated\">\n\t\t\t\t\t\t\t\t<div class=\"elementor-element elementor-element-e0a5da2 elementor-widget elementor-widget-image\" data-id=\"e0a5da2\" data-element_type=\"widget\" data-widget_type=\"image.default\">\n\t\t\t\t<div class=\"elementor-widget-container\">\n\t\t\t\t\t\t\t\t\t\t\t\t\t\t\t<img loading=\"lazy\" decoding=\"async\" width=\"604\" height=\"453\" src=\"http:\/\/www.iandairin.com\/wp-content\/uploads\/2021\/03\/IMG_20200410_181336-1024x768.jpg\" class=\"attachment-large size-large wp-image-583\" alt=\"\" srcset=\"http:\/\/www.iandairin.com\/wp-content\/uploads\/2021\/03\/IMG_20200410_181336-1024x768.jpg 1024w, http:\/\/www.iandairin.com\/wp-content\/uploads\/2021\/03\/IMG_20200410_181336-scaled-600x450.jpg 600w, http:\/\/www.iandairin.com\/wp-content\/uploads\/2021\/03\/IMG_20200410_181336-300x225.jpg 300w, http:\/\/www.iandairin.com\/wp-content\/uploads\/2021\/03\/IMG_20200410_181336-768x576.jpg 768w, http:\/\/www.iandairin.com\/wp-content\/uploads\/2021\/03\/IMG_20200410_181336-1536x1152.jpg 1536w, http:\/\/www.iandairin.com\/wp-content\/uploads\/2021\/03\/IMG_20200410_181336-2048x1536.jpg 2048w\" sizes=\"(max-width: 604px) 100vw, 604px\" \/>\t\t\t\t\t\t\t\t\t\t\t\t\t\t\t<\/div>\n\t\t\t\t<\/div>\n\t\t\t\t\t<\/div>\n\t\t<\/div>\n\t\t\t\t<div class=\"elementor-column elementor-col-50 elementor-top-column elementor-element elementor-element-2098abf\" data-id=\"2098abf\" data-element_type=\"column\">\n\t\t\t<div class=\"elementor-widget-wrap elementor-element-populated\">\n\t\t\t\t\t\t\t\t<div class=\"elementor-element elementor-element-83898e8 elementor-widget elementor-widget-text-editor\" data-id=\"83898e8\" data-element_type=\"widget\" data-widget_type=\"text-editor.default\">\n\t\t\t\t<div class=\"elementor-widget-container\">\n\t\t\t\t\t\t\t<h2><strong>C\u00f4t\u00e9 technique<\/strong><\/h2>\n<p>Pour dessiner Ian utilise principalement une tablette cintiq wacom 13HD, et un Ipad pour \u00eatre nomade, avec les logiciels Clip Studio Paint et Photoshop.<\/p>\n<p>En m\u00e9thode traditionnelle :<\/p>\n<ul>\n<li>Crit\u00e9rium \u00e0 mine bleue (ce qui \u00e9vite de gommer quand on scan en bitmap)&nbsp;<\/li>\n<li>Feutre pinceau Fudenosuke Tombow<\/li>\n<li>Pinceau GFKP Brush Pentel<\/li>\n<li>Papier \u00e0 grain fin 250gr Paint ON<\/li>\n<li>Une table lumineuse Huion<\/li>\n<\/ul>\t\t\t\t\t\t<\/div>\n\t\t\t\t<\/div>\n\t\t\t\t\t<\/div>\n\t\t<\/div>\n\t\t\t\t\t\t\t<\/div>\n\t\t<\/section>\n\t\t\t\t<section class=\"elementor-section elementor-top-section elementor-element elementor-element-f42ca2c elementor-section-boxed elementor-section-height-default elementor-section-height-default\" data-id=\"f42ca2c\" data-element_type=\"section\">\n\t\t\t\t\t\t<div class=\"elementor-container elementor-column-gap-default\">\n\t\t\t\t\t<div class=\"elementor-column elementor-col-50 elementor-top-column elementor-element elementor-element-ee29230\" data-id=\"ee29230\" data-element_type=\"column\">\n\t\t\t<div class=\"elementor-widget-wrap elementor-element-populated\">\n\t\t\t\t\t\t\t\t<div class=\"elementor-element elementor-element-d92ee22 elementor-widget elementor-widget-text-editor\" data-id=\"d92ee22\" data-element_type=\"widget\" data-widget_type=\"text-editor.default\">\n\t\t\t\t<div class=\"elementor-widget-container\">\n\t\t\t\t\t\t\t<h2><strong>La m\u00e9thode de travail<\/strong><\/h2><p><strong>Pour Katz<\/strong>, Ian fait un d\u00e9coupage rapide des supers id\u00e9es de Del, il rempli des carnets moleskine entiers !<\/p><p>Ensuite il fait un crayonn\u00e9 sur tablette ou sur papier, il encre et il colorise le tout sur Photoshop.<\/p><p><strong>Pour Kid Paddle<\/strong>, Ian re\u00e7oit des sc\u00e9narios d\u00e9j\u00e0 d\u00e9coup\u00e9s de Midam, il travaille ensuite de la m\u00eame mani\u00e8re que pour Katz, sauf qu&rsquo;il n&rsquo;a pas \u00e0 coloriser, c&rsquo;est Ang\u00e8le, la talentueuse coloriste de Kid Paddle qui sort ses pinceaux !<\/p>\t\t\t\t\t\t<\/div>\n\t\t\t\t<\/div>\n\t\t\t\t<div class=\"elementor-element elementor-element-2e7a1ea elementor-widget elementor-widget-image\" data-id=\"2e7a1ea\" data-element_type=\"widget\" data-widget_type=\"image.default\">\n\t\t\t\t<div class=\"elementor-widget-container\">\n\t\t\t\t\t\t\t\t\t\t\t\t\t\t\t<img loading=\"lazy\" decoding=\"async\" width=\"604\" height=\"604\" src=\"http:\/\/www.iandairin.com\/wp-content\/uploads\/2023\/04\/20221227_154412-1024x1024.jpg\" class=\"attachment-large size-large wp-image-2708\" alt=\"\" srcset=\"http:\/\/www.iandairin.com\/wp-content\/uploads\/2023\/04\/20221227_154412-1024x1024.jpg 1024w, http:\/\/www.iandairin.com\/wp-content\/uploads\/2023\/04\/20221227_154412-300x300.jpg 300w, http:\/\/www.iandairin.com\/wp-content\/uploads\/2023\/04\/20221227_154412-150x150.jpg 150w, http:\/\/www.iandairin.com\/wp-content\/uploads\/2023\/04\/20221227_154412-768x768.jpg 768w, http:\/\/www.iandairin.com\/wp-content\/uploads\/2023\/04\/20221227_154412-1536x1536.jpg 1536w, http:\/\/www.iandairin.com\/wp-content\/uploads\/2023\/04\/20221227_154412-2048x2048.jpg 2048w\" sizes=\"(max-width: 604px) 100vw, 604px\" \/>\t\t\t\t\t\t\t\t\t\t\t\t\t\t\t<\/div>\n\t\t\t\t<\/div>\n\t\t\t\t<div class=\"elementor-element elementor-element-0de0a10 elementor-widget elementor-widget-image\" data-id=\"0de0a10\" data-element_type=\"widget\" data-widget_type=\"image.default\">\n\t\t\t\t<div class=\"elementor-widget-container\">\n\t\t\t\t\t\t\t\t\t\t\t\t\t\t\t<img loading=\"lazy\" decoding=\"async\" width=\"1884\" height=\"527\" src=\"http:\/\/www.iandairin.com\/wp-content\/uploads\/2022\/04\/bandeau-automne.jpg\" class=\"attachment-full size-full wp-image-2292\" alt=\"\" srcset=\"http:\/\/www.iandairin.com\/wp-content\/uploads\/2022\/04\/bandeau-automne.jpg 1884w, http:\/\/www.iandairin.com\/wp-content\/uploads\/2022\/04\/bandeau-automne-300x84.jpg 300w, http:\/\/www.iandairin.com\/wp-content\/uploads\/2022\/04\/bandeau-automne-768x215.jpg 768w, http:\/\/www.iandairin.com\/wp-content\/uploads\/2022\/04\/bandeau-automne-1536x430.jpg 1536w, http:\/\/www.iandairin.com\/wp-content\/uploads\/2022\/04\/bandeau-automne-600x168.jpg 600w\" sizes=\"(max-width: 1884px) 100vw, 1884px\" \/>\t\t\t\t\t\t\t\t\t\t\t\t\t\t\t<\/div>\n\t\t\t\t<\/div>\n\t\t\t\t\t<\/div>\n\t\t<\/div>\n\t\t\t\t<div class=\"elementor-column elementor-col-50 elementor-top-column elementor-element elementor-element-c93e19a\" data-id=\"c93e19a\" data-element_type=\"column\">\n\t\t\t<div class=\"elementor-widget-wrap elementor-element-populated\">\n\t\t\t\t\t\t\t\t<div class=\"elementor-element elementor-element-098009d elementor-widget elementor-widget-image\" data-id=\"098009d\" data-element_type=\"widget\" data-widget_type=\"image.default\">\n\t\t\t\t<div class=\"elementor-widget-container\">\n\t\t\t\t\t\t\t\t\t\t\t\t\t\t\t<img loading=\"lazy\" decoding=\"async\" width=\"604\" height=\"604\" src=\"http:\/\/www.iandairin.com\/wp-content\/uploads\/2022\/03\/20220331_001812-1024x1024.jpg\" class=\"attachment-large size-large wp-image-1898\" alt=\"\" srcset=\"http:\/\/www.iandairin.com\/wp-content\/uploads\/2022\/03\/20220331_001812-1024x1024.jpg 1024w, http:\/\/www.iandairin.com\/wp-content\/uploads\/2022\/03\/20220331_001812-300x300.jpg 300w, http:\/\/www.iandairin.com\/wp-content\/uploads\/2022\/03\/20220331_001812-150x150.jpg 150w, http:\/\/www.iandairin.com\/wp-content\/uploads\/2022\/03\/20220331_001812-768x768.jpg 768w, http:\/\/www.iandairin.com\/wp-content\/uploads\/2022\/03\/20220331_001812-1536x1536.jpg 1536w, http:\/\/www.iandairin.com\/wp-content\/uploads\/2022\/03\/20220331_001812-2048x2048.jpg 2048w, http:\/\/www.iandairin.com\/wp-content\/uploads\/2022\/03\/20220331_001812-600x600.jpg 600w, http:\/\/www.iandairin.com\/wp-content\/uploads\/2022\/03\/20220331_001812-100x100.jpg 100w\" sizes=\"(max-width: 604px) 100vw, 604px\" \/>\t\t\t\t\t\t\t\t\t\t\t\t\t\t\t<\/div>\n\t\t\t\t<\/div>\n\t\t\t\t<div class=\"elementor-element elementor-element-724392b elementor-widget elementor-widget-image\" data-id=\"724392b\" data-element_type=\"widget\" data-widget_type=\"image.default\">\n\t\t\t\t<div class=\"elementor-widget-container\">\n\t\t\t\t\t\t\t\t\t\t\t\t\t\t\t<img loading=\"lazy\" decoding=\"async\" width=\"604\" height=\"604\" src=\"http:\/\/www.iandairin.com\/wp-content\/uploads\/2023\/04\/20230415_162518-1024x1024.jpg\" class=\"attachment-large size-large wp-image-2700\" alt=\"\" srcset=\"http:\/\/www.iandairin.com\/wp-content\/uploads\/2023\/04\/20230415_162518-1024x1024.jpg 1024w, http:\/\/www.iandairin.com\/wp-content\/uploads\/2023\/04\/20230415_162518-300x300.jpg 300w, http:\/\/www.iandairin.com\/wp-content\/uploads\/2023\/04\/20230415_162518-150x150.jpg 150w, http:\/\/www.iandairin.com\/wp-content\/uploads\/2023\/04\/20230415_162518-768x768.jpg 768w, http:\/\/www.iandairin.com\/wp-content\/uploads\/2023\/04\/20230415_162518-1536x1536.jpg 1536w, http:\/\/www.iandairin.com\/wp-content\/uploads\/2023\/04\/20230415_162518-2048x2048.jpg 2048w\" sizes=\"(max-width: 604px) 100vw, 604px\" \/>\t\t\t\t\t\t\t\t\t\t\t\t\t\t\t<\/div>\n\t\t\t\t<\/div>\n\t\t\t\t\t<\/div>\n\t\t<\/div>\n\t\t\t\t\t\t\t<\/div>\n\t\t<\/section>\n\t\t\t\t<section class=\"elementor-section elementor-top-section elementor-element elementor-element-163d66a elementor-section-boxed elementor-section-height-default elementor-section-height-default\" data-id=\"163d66a\" data-element_type=\"section\">\n\t\t\t\t\t\t<div class=\"elementor-container elementor-column-gap-default\">\n\t\t\t\t\t<div class=\"elementor-column elementor-col-100 elementor-top-column elementor-element elementor-element-9a0f58a\" data-id=\"9a0f58a\" data-element_type=\"column\">\n\t\t\t<div class=\"elementor-widget-wrap\">\n\t\t\t\t\t\t\t\t\t<\/div>\n\t\t<\/div>\n\t\t\t\t\t\t\t<\/div>\n\t\t<\/section>\n\t\t\t\t\t\t\t<\/div>\n\t\t","protected":false},"excerpt":{"rendered":"<p>http:\/\/www.iandairin.com\/wp-content\/uploads\/2021\/03\/20201111_170931.mp4 Le crayonn\u00e9 est plac\u00e9 sous la feuille, pour encrer par transparence sur une table lumineuse. Plus besoin de gommer, les originaux restent propres et ils n\u00e9cessitent peu de traitement de nettoyage. Le crayonn\u00e9 est plac\u00e9 sous la feuille, pour encrer par transparence&#8230; UN ENCRAGE EN DIRECT Katz est une s\u00e9rie diffus\u00e9e depuis 2006 dans [&hellip;]<\/p>\n","protected":false},"author":1,"featured_media":0,"parent":0,"menu_order":0,"comment_status":"closed","ping_status":"closed","template":"","meta":{"footnotes":""},"class_list":["post-1888","page","type-page","status-publish","hentry"],"_links":{"self":[{"href":"http:\/\/www.iandairin.com\/index.php?rest_route=\/wp\/v2\/pages\/1888"}],"collection":[{"href":"http:\/\/www.iandairin.com\/index.php?rest_route=\/wp\/v2\/pages"}],"about":[{"href":"http:\/\/www.iandairin.com\/index.php?rest_route=\/wp\/v2\/types\/page"}],"author":[{"embeddable":true,"href":"http:\/\/www.iandairin.com\/index.php?rest_route=\/wp\/v2\/users\/1"}],"replies":[{"embeddable":true,"href":"http:\/\/www.iandairin.com\/index.php?rest_route=%2Fwp%2Fv2%2Fcomments&post=1888"}],"version-history":[{"count":277,"href":"http:\/\/www.iandairin.com\/index.php?rest_route=\/wp\/v2\/pages\/1888\/revisions"}],"predecessor-version":[{"id":2722,"href":"http:\/\/www.iandairin.com\/index.php?rest_route=\/wp\/v2\/pages\/1888\/revisions\/2722"}],"wp:attachment":[{"href":"http:\/\/www.iandairin.com\/index.php?rest_route=%2Fwp%2Fv2%2Fmedia&parent=1888"}],"curies":[{"name":"wp","href":"https:\/\/api.w.org\/{rel}","templated":true}]}}